{"id":323,"date":"2018-12-12T10:19:31","date_gmt":"2018-12-12T09:19:31","guid":{"rendered":"http:\/\/www.stufe-artel.it\/promo\/?page_id=323"},"modified":"2022-11-18T11:41:59","modified_gmt":"2022-11-18T10:41:59","slug":"informativa-sulla-privacy","status":"publish","type":"page","link":"https:\/\/www.stufe-artel.it\/promo\/informativa-sulla-privacy\/","title":{"rendered":"Informativa sulla privacy"},"content":{"rendered":"<h2 style=\"text-align: left;\"><strong>INFORMAZIONI SUL TRATTAMENTO DEI DATI PERSONALI degli utenti che consultano il sito\u00a0<span class=\"s1\">www.stufe-artel.it <\/span>ai sensi dell\u2019articolo 13 del Regolamento (UE) 2016\/679<\/strong>.<\/h2>\n<p class=\"p1\">\n<p class=\"p4\"><strong>PERCH\u00c9 QUESTE INFORMAZIONI<\/strong><\/p>\n<p class=\"p4\">Ai sensi del Regolamento (UE) 2016\/679 (di seguito \u201cRegolamento\u201d), questa pagina descrive le modalit\u00e0 di trattamento dei dati personali degli utenti che consultano il sito web accessibile per via telematica al seguente indirizzo:<\/p>\n<p class=\"p5\"><span class=\"s2\">\u2022\u00a0<\/span>www.artel.it<\/p>\n<p class=\"p4\">Le presenti informazioni non riguardano altri siti, pagine o servizi online raggiungibili tramite link ipertestuali eventualmente pubblicati nel sito ma riferiti a risorse esterne al dominio di AMG SPA.<\/p>\n<p class=\"p4\"><strong>TITOLARE DEL TRATTAMENTO<\/strong><\/p>\n<p class=\"p4\">A seguito della consultazione del sito possono essere trattati dati relativi a persone fisiche identificate o identificabili. Titolare del trattamento \u00e8 AMG Spa, con sede in Via delle Arti e dei Mestieri 20, San Vito di Leguzzano (VI) (Email:\u00a0<span class=\"s1\">privacy@amg-spa.com\u00a0<\/span>, PEC:\u00a0<span class=\"s1\">amgspa@legalmail.it\u00a0<\/span>, centralino 0445\/519933).<\/p>\n<p class=\"p4\"><strong>BASE GIURIDICA DEL TRATTAMENTO<\/strong><\/p>\n<p class=\"p4\">I dati personali indicati in questa pagina sono trattati dal Titolare in quanto necessari per la gestione del sito e, sulla base di specifiche informative, ed ove necessario sulla base del consenso, per offrire e svolgere i servizi offerti dal sito stesso.<\/p>\n<p class=\"p4\"><strong>TIPI DI DATI TRATTATI E FINALIT\u00c0 DEL TRATTAMENTO<\/strong><\/p>\n<p class=\"p4\"><strong>Dati di navigazione<\/strong><\/p>\n<p class=\"p4\">I sistemi informatici e le procedure software preposte al funzionamento di questo sito acquisiscono, nel corso del loro normale esercizio, alcuni dati personali la cui trasmissione \u00e8 implicita nell\u2019uso dei protocolli di comunicazione di Internet. In questa categoria di dati rientrano gli indirizzi IP o i nomi a dominio dei computer e dei terminali utilizzati dagli utenti, gli indirizzi in notazione URI\/URL (Uniform Resource Identifier\/Locator) delle risorse richieste, l\u2019orario della richiesta, il metodo utilizzato nel sottoporre la richiesta al server, la dimensione del file ottenuto in risposta, il codice numerico indicante lo stato della risposta data dal server (buon fine, errore, ecc.) ed altri parametri relativi al sistema operativo e all\u2019ambiente informatico dell\u2019utente. Tali dati, necessari per la fruizione dei servizi web, vengono anche trattati allo scopo di:<\/p>\n<p class=\"p4\"><span class=\"s3\">\u2022\u00a0<\/span>ottenere informazioni statistiche sull\u2019uso dei servizi (pagine pi\u00f9 visitate, numero di visitatori per fascia oraria o giornaliera, aree geografiche di provenienza, ecc.);<\/p>\n<p class=\"p1\"><span class=\"s1\">\u2022\u00a0<\/span>controllare il corretto funzionamento dei servizi offerti.<\/p>\n<p class=\"p1\">I dati di navigazione non persistono per pi\u00f9 del tempo necessario a garantire il funzionamento del sito e vengono cancellati immediatamente dopo la loro aggregazione (salve eventuali necessit\u00e0 di accertamento di reati da parte dell\u2019Autorit\u00e0 giudiziaria).<\/p>\n<p class=\"p1\"><strong>Dati comunicati dall\u2019utente<\/strong><\/p>\n<p class=\"p1\">L\u2019invio facoltativo, esplicito e volontario di messaggi agli indirizzi di contatto, nonch\u00e9 la compilazione e l\u2019inoltro dei moduli presenti sul sito, comportano l\u2019acquisizione dei dati di contatto del mittente, necessari a rispondere, nonch\u00e9 di tutti i dati personali inclusi nelle comunicazioni. Specifiche informative verranno pubblicate nelle pagine predisposte per l\u2019erogazione di determinati servizi.<\/p>\n<p class=\"p1\"><strong>Cookie e altri sistemi di tracciamento<\/strong><\/p>\n<p class=\"p1\">Si prega di prendere visione della Cookie Policy dedicata.<\/p>\n<p class=\"p1\"><strong>Informazioni circa il trattamento dei dati personali effettuati attraverso le piattaforme di Social<\/strong><\/p>\n<p class=\"p1\"><strong>Media utilizzate dal Titolare<\/strong><\/p>\n<p class=\"p1\">Circa i trattamenti di dati personali effettuati dai gestori delle piattaforme di Social Media utilizzate dal Titolare si rimanda alle informazioni da questi rese attraverso le rispettive privacy policy. Il<\/p>\n<p class=\"p1\">Titolare tratta i dati personali conferiti dall\u2019utenza attraverso le pagine delle piattaforme di Social Media dedicate nell\u2019ambito delle sue finalit\u00e0 commerciali, esclusivamente per gestire le interazioni con l\u2019utenza (commenti, post pubblici, etc.) e nel rispetto della normativa vigente.<\/p>\n<p class=\"p1\"><strong>Servizio di messaggistica istantanea<\/strong><\/p>\n<p class=\"p1\">Per il servizio di messaggistica istantanea viene utilizzato il fornitore WhatsApp LLC si prega di prendere visione dell\u2019informativa sulla privacy al seguente link:<\/p>\n<p class=\"p2\"><span class=\"s2\">https:\/\/faq.whatsapp.com\/482775927208796\/?helpref=hc_fnav\u00a0<\/span>.\u00a0<span class=\"s3\">In tale contesto il Titolare tratter\u00e0 i dati per finalit\u00e0\u00a0<\/span>precontrattuali e\/o contrattuali per il tempo necessario a gestire la richiesta.<\/p>\n<p class=\"p1\"><strong>DESTINATARI DEI DATI<\/strong><\/p>\n<p class=\"p1\">Possono essere destinatari dei dati raccolti a seguito della consultazione dei siti sopra elencati i soggetti designati, ai sensi dell\u2019articolo 28 del Regolamento, quali responsabili del trattamento, per lo svolgimento dei servizi di sviluppo, erogazione e gestione operativa delle piattaforme tecnologiche impiegate. I dati personali raccolti sono altres\u00ec trattati dal personale del Titolare, che agisce sulla base di specifiche istruzioni fornite in ordine a finalit\u00e0 e modalit\u00e0 del trattamento medesimo.<\/p>\n<p class=\"p1\"><strong>DIRITTI DEGLI INTERESSATI<\/strong><\/p>\n<p class=\"p1\">Gli interessati hanno il diritto di ottenere, nei casi previsti, l\u2019accesso ai dati personali e la rettifica o la cancellazione degli stessi o la limitazione del trattamento che li riguarda o di opporsi al trattamento (artt. 15 e ss. del Regolamento). L\u2019apposita istanza pu\u00f2 essere presentata ai contatti in precedenza indicati<\/p>\n<p class=\"p1\"><strong>DIRITTO DI RECLAMO<\/strong><\/p>\n<p class=\"p1\">Gli interessati che ritengono che il trattamento dei dati personali a loro riferiti effettuato attraverso questo sito avvenga in violazione di quanto previsto dal Regolamento hanno il diritto di proporre reclamo al Garante, come previsto dall\u2019art. 77 del Regolamento stesso, o di adire le opportune sedi giudiziarie (art. 79 del Regolamento).<\/p>\n","protected":false},"excerpt":{"rendered":"<p>INFORMAZIONI SUL TRATTAMENTO DEI DATI PERSONALI degli utenti che consultano  [&#8230;]<\/p>\n","protected":false},"author":6,"featured_media":0,"parent":0,"menu_order":0,"comment_status":"closed","ping_status":"closed","template":"","meta":{"footnotes":""},"class_list":["post-323","page","type-page","status-publish","hentry"],"yoast_head":"<!-- This site is optimized with the Yoast SEO plugin v20.8 - https:\/\/yoast.com\/wordpress\/plugins\/seo\/ -->\n<title>Informativa sulla privacy - Artel Clima &amp; Energia<\/title>\n<meta name=\"robots\" content=\"index, follow, max-snippet:-1, max-image-preview:large, max-video-preview:-1\" \/>\n<link rel=\"canonical\" href=\"https:\/\/www.stufe-artel.it\/promo\/informativa-sulla-privacy\/\" \/>\n<meta property=\"og:locale\" content=\"it_IT\" \/>\n<meta property=\"og:type\" content=\"article\" \/>\n<meta property=\"og:title\" content=\"Informativa sulla privacy - Artel Clima &amp; Energia\" \/>\n<meta property=\"og:description\" content=\"INFORMAZIONI SUL TRATTAMENTO DEI DATI PERSONALI degli utenti che consultano [...]\" \/>\n<meta property=\"og:url\" content=\"https:\/\/www.stufe-artel.it\/promo\/informativa-sulla-privacy\/\" \/>\n<meta property=\"og:site_name\" content=\"Artel Clima &amp; Energia\" \/>\n<meta property=\"article:publisher\" content=\"https:\/\/www.facebook.com\/ArtelClimaEnergia\/\" \/>\n<meta property=\"article:modified_time\" content=\"2022-11-18T10:41:59+00:00\" \/>\n<meta name=\"twitter:card\" content=\"summary_large_image\" \/>\n<meta name=\"twitter:label1\" content=\"Tempo di lettura stimato\" \/>\n\t<meta name=\"twitter:data1\" content=\"5 minuti\" \/>\n<script type=\"application\/ld+json\" class=\"yoast-schema-graph\">{\"@context\":\"https:\/\/schema.org\",\"@graph\":[{\"@type\":\"WebPage\",\"@id\":\"https:\/\/www.stufe-artel.it\/promo\/informativa-sulla-privacy\/\",\"url\":\"https:\/\/www.stufe-artel.it\/promo\/informativa-sulla-privacy\/\",\"name\":\"Informativa sulla privacy - Artel Clima &amp; Energia\",\"isPartOf\":{\"@id\":\"https:\/\/www.stufe-artel.it\/promo\/#website\"},\"datePublished\":\"2018-12-12T09:19:31+00:00\",\"dateModified\":\"2022-11-18T10:41:59+00:00\",\"breadcrumb\":{\"@id\":\"https:\/\/www.stufe-artel.it\/promo\/informativa-sulla-privacy\/#breadcrumb\"},\"inLanguage\":\"it-IT\",\"potentialAction\":[{\"@type\":\"ReadAction\",\"target\":[\"https:\/\/www.stufe-artel.it\/promo\/informativa-sulla-privacy\/\"]}]},{\"@type\":\"BreadcrumbList\",\"@id\":\"https:\/\/www.stufe-artel.it\/promo\/informativa-sulla-privacy\/#breadcrumb\",\"itemListElement\":[{\"@type\":\"ListItem\",\"position\":1,\"name\":\"Home\",\"item\":\"https:\/\/www.stufe-artel.it\/promo\/\"},{\"@type\":\"ListItem\",\"position\":2,\"name\":\"Informativa sulla privacy\"}]},{\"@type\":\"WebSite\",\"@id\":\"https:\/\/www.stufe-artel.it\/promo\/#website\",\"url\":\"https:\/\/www.stufe-artel.it\/promo\/\",\"name\":\"Artel Clima & Energia\",\"description\":\"Promozioni e Offerte Stufe a Pellet\",\"publisher\":{\"@id\":\"https:\/\/www.stufe-artel.it\/promo\/#organization\"},\"potentialAction\":[{\"@type\":\"SearchAction\",\"target\":{\"@type\":\"EntryPoint\",\"urlTemplate\":\"https:\/\/www.stufe-artel.it\/promo\/?s={search_term_string}\"},\"query-input\":\"required name=search_term_string\"}],\"inLanguage\":\"it-IT\"},{\"@type\":\"Organization\",\"@id\":\"https:\/\/www.stufe-artel.it\/promo\/#organization\",\"name\":\"Artel Clima Energia\",\"url\":\"https:\/\/www.stufe-artel.it\/promo\/\",\"logo\":{\"@type\":\"ImageObject\",\"inLanguage\":\"it-IT\",\"@id\":\"https:\/\/www.stufe-artel.it\/promo\/#\/schema\/logo\/image\/\",\"url\":\"https:\/\/www.stufe-artel.it\/promo\/wp-content\/uploads\/2017\/07\/LOGO_ARTEL_240.png\",\"contentUrl\":\"https:\/\/www.stufe-artel.it\/promo\/wp-content\/uploads\/2017\/07\/LOGO_ARTEL_240.png\",\"width\":240,\"height\":118,\"caption\":\"Artel Clima Energia\"},\"image\":{\"@id\":\"https:\/\/www.stufe-artel.it\/promo\/#\/schema\/logo\/image\/\"},\"sameAs\":[\"https:\/\/www.facebook.com\/ArtelClimaEnergia\/\"]}]}<\/script>\n<!-- \/ Yoast SEO plugin. -->","yoast_head_json":{"title":"Informativa sulla privacy - Artel Clima &amp; Energia","robots":{"index":"index","follow":"follow","max-snippet":"max-snippet:-1","max-image-preview":"max-image-preview:large","max-video-preview":"max-video-preview:-1"},"canonical":"https:\/\/www.stufe-artel.it\/promo\/informativa-sulla-privacy\/","og_locale":"it_IT","og_type":"article","og_title":"Informativa sulla privacy - Artel Clima &amp; Energia","og_description":"INFORMAZIONI SUL TRATTAMENTO DEI DATI PERSONALI degli utenti che consultano [...]","og_url":"https:\/\/www.stufe-artel.it\/promo\/informativa-sulla-privacy\/","og_site_name":"Artel Clima &amp; Energia","article_publisher":"https:\/\/www.facebook.com\/ArtelClimaEnergia\/","article_modified_time":"2022-11-18T10:41:59+00:00","twitter_card":"summary_large_image","twitter_misc":{"Tempo di lettura stimato":"5 minuti"},"schema":{"@context":"https:\/\/schema.org","@graph":[{"@type":"WebPage","@id":"https:\/\/www.stufe-artel.it\/promo\/informativa-sulla-privacy\/","url":"https:\/\/www.stufe-artel.it\/promo\/informativa-sulla-privacy\/","name":"Informativa sulla privacy - Artel Clima &amp; Energia","isPartOf":{"@id":"https:\/\/www.stufe-artel.it\/promo\/#website"},"datePublished":"2018-12-12T09:19:31+00:00","dateModified":"2022-11-18T10:41:59+00:00","breadcrumb":{"@id":"https:\/\/www.stufe-artel.it\/promo\/informativa-sulla-privacy\/#breadcrumb"},"inLanguage":"it-IT","potentialAction":[{"@type":"ReadAction","target":["https:\/\/www.stufe-artel.it\/promo\/informativa-sulla-privacy\/"]}]},{"@type":"BreadcrumbList","@id":"https:\/\/www.stufe-artel.it\/promo\/informativa-sulla-privacy\/#breadcrumb","itemListElement":[{"@type":"ListItem","position":1,"name":"Home","item":"https:\/\/www.stufe-artel.it\/promo\/"},{"@type":"ListItem","position":2,"name":"Informativa sulla privacy"}]},{"@type":"WebSite","@id":"https:\/\/www.stufe-artel.it\/promo\/#website","url":"https:\/\/www.stufe-artel.it\/promo\/","name":"Artel Clima & Energia","description":"Promozioni e Offerte Stufe a Pellet","publisher":{"@id":"https:\/\/www.stufe-artel.it\/promo\/#organization"},"potentialAction":[{"@type":"SearchAction","target":{"@type":"EntryPoint","urlTemplate":"https:\/\/www.stufe-artel.it\/promo\/?s={search_term_string}"},"query-input":"required name=search_term_string"}],"inLanguage":"it-IT"},{"@type":"Organization","@id":"https:\/\/www.stufe-artel.it\/promo\/#organization","name":"Artel Clima Energia","url":"https:\/\/www.stufe-artel.it\/promo\/","logo":{"@type":"ImageObject","inLanguage":"it-IT","@id":"https:\/\/www.stufe-artel.it\/promo\/#\/schema\/logo\/image\/","url":"https:\/\/www.stufe-artel.it\/promo\/wp-content\/uploads\/2017\/07\/LOGO_ARTEL_240.png","contentUrl":"https:\/\/www.stufe-artel.it\/promo\/wp-content\/uploads\/2017\/07\/LOGO_ARTEL_240.png","width":240,"height":118,"caption":"Artel Clima Energia"},"image":{"@id":"https:\/\/www.stufe-artel.it\/promo\/#\/schema\/logo\/image\/"},"sameAs":["https:\/\/www.facebook.com\/ArtelClimaEnergia\/"]}]}},"_links":{"self":[{"href":"https:\/\/www.stufe-artel.it\/promo\/wp-json\/wp\/v2\/pages\/323","targetHints":{"allow":["GET"]}}],"collection":[{"href":"https:\/\/www.stufe-artel.it\/promo\/wp-json\/wp\/v2\/pages"}],"about":[{"href":"https:\/\/www.stufe-artel.it\/promo\/wp-json\/wp\/v2\/types\/page"}],"author":[{"embeddable":true,"href":"https:\/\/www.stufe-artel.it\/promo\/wp-json\/wp\/v2\/users\/6"}],"replies":[{"embeddable":true,"href":"https:\/\/www.stufe-artel.it\/promo\/wp-json\/wp\/v2\/comments?post=323"}],"version-history":[{"count":3,"href":"https:\/\/www.stufe-artel.it\/promo\/wp-json\/wp\/v2\/pages\/323\/revisions"}],"predecessor-version":[{"id":1352,"href":"https:\/\/www.stufe-artel.it\/promo\/wp-json\/wp\/v2\/pages\/323\/revisions\/1352"}],"wp:attachment":[{"href":"https:\/\/www.stufe-artel.it\/promo\/wp-json\/wp\/v2\/media?parent=323"}],"curies":[{"name":"wp","href":"https:\/\/api.w.org\/{rel}","templated":true}]}}